{"id":85,"date":"2012-09-11T20:07:01","date_gmt":"2012-09-11T20:07:01","guid":{"rendered":"http:\/\/compago.ch\/WordPress\/?page_id=85"},"modified":"2019-12-02T09:13:36","modified_gmt":"2019-12-02T09:13:36","slug":"bureau","status":"publish","type":"page","link":"http:\/\/compago.ch\/WordPress\/?page_id=85","title":{"rendered":""},"content":{"rendered":"<p>La soci\u00e9t\u00e9 compago est fond\u00e9e en 2012 par Ivo Stotz et Sara Gerber.<\/p>\n<p><strong>Ivo Stotz<\/strong><small> | Dr. es sc. | Dipl. Arch. EPFL<\/small><\/p>\n<p>2011 &#8211; Architecte ind\u00e9pendant<br \/>\n2011 Employ\u00e9 chez Shel, Hani Buri et Yves Weinand<br \/>\n2010 &#8211; 2011 Postdoctorat \u00e0 l\u2019IBOIS, EPFL en tant qu\u2019enseignant et chercheur, r\u00e9alisation du support d\u2019exposition &#8220;timber project&#8221;, Archizoom<br \/>\n2009 Obtention du titre docteur es science de l\u2019\u00e9cole doctorale de structure \u00e0 l&#8217;EPFL, sous la direction de professeur Yves Weinand<br \/>\n2007 &#8211; 2011 Fondateur et Directeur de l\u2019entreprise de d\u00e9coupe num\u00e9rique Cute Cut avec R\u00e9gis Paroz<br \/>\n2004 &#8211; 2009 Assistant d&#8217;enseignement et de recherche \u00e0 IBOIS, EPFL, cours de construction en bois, projet de Master en architecture.<br \/>\n2004 Employ\u00e9 chez Alain Wolff Architectes<br \/>\n2004 Obtention du dipl\u00f4me d&#8217;architecte EPFL, sous la direction de P. Mestelan et L. Snozzi<br \/>\n2002 et 2003 Prix BCV pour le meilleur projet<br \/>\n2001 Stage d\u2019architecture chez Jeroch Kaiser &amp; Partner, Klaus Overmeyer et Philipp Oswalt \u00e0 Berlin<\/p>\n<p><strong>Sara Gerber<\/strong><small> | Dipl. Arch. EPFL<\/small><\/p>\n<p>2012 &#8211; Architecte ind\u00e9pendante<br \/>\n2007 &#8211; 2012 Employ\u00e9e chez dar architectes, Ecublens<br \/>\n2004 &#8211; 2007 Employ\u00e9e au bureau Mann Capua Mann, Lausanne<br \/>\n2003 Employ\u00e9e chez Flores-Prats, Barcelone<br \/>\n2003 Exposition du projet de dipl\u00f4me \u00ab D\u00e9senclavement d&#8217;une \u00eele ferroviaire \u00bb\u00a0au d\u00e9partement de construction \u00e0 B\u00e2le<br \/>\n2003 Obtention du dipl\u00f4me d&#8217;architecte EPFL, sous la direction de In\u00e8s Lamuni\u00e8re et Bruno Marchand<br \/>\n2000 Stage chez Gussmann Valentien \u00e0 Berlin<\/p>\n","protected":false},"excerpt":{"rendered":"<p>La soci\u00e9t\u00e9 compago est fond\u00e9e en 2012 par Ivo Stotz et Sara Gerber. Ivo Stotz&#8230;<\/p>\n","protected":false},"author":2,"featured_media":311,"parent":0,"menu_order":0,"comment_status":"closed","ping_status":"closed","template":"page-template-fullwidth.php","meta":{"ngg_post_thumbnail":0},"_links":{"self":[{"href":"http:\/\/compago.ch\/WordPress\/index.php?rest_route=\/wp\/v2\/pages\/85"}],"collection":[{"href":"http:\/\/compago.ch\/WordPress\/index.php?rest_route=\/wp\/v2\/pages"}],"about":[{"href":"http:\/\/compago.ch\/WordPress\/index.php?rest_route=\/wp\/v2\/types\/page"}],"author":[{"embeddable":true,"href":"http:\/\/compago.ch\/WordPress\/index.php?rest_route=\/wp\/v2\/users\/2"}],"replies":[{"embeddable":true,"href":"http:\/\/compago.ch\/WordPress\/index.php?rest_route=%2Fwp%2Fv2%2Fcomments&post=85"}],"version-history":[{"count":32,"href":"http:\/\/compago.ch\/WordPress\/index.php?rest_route=\/wp\/v2\/pages\/85\/revisions"}],"predecessor-version":[{"id":720,"href":"http:\/\/compago.ch\/WordPress\/index.php?rest_route=\/wp\/v2\/pages\/85\/revisions\/720"}],"wp:featuredmedia":[{"embeddable":true,"href":"http:\/\/compago.ch\/WordPress\/index.php?rest_route=\/wp\/v2\/media\/311"}],"wp:attachment":[{"href":"http:\/\/compago.ch\/WordPress\/index.php?rest_route=%2Fwp%2Fv2%2Fmedia&parent=85"}],"curies":[{"name":"wp","href":"https:\/\/api.w.org\/{rel}","templated":true}]}}